{"id":2217,"date":"2019-10-13T16:23:36","date_gmt":"2019-10-13T16:23:36","guid":{"rendered":"https:\/\/nuovo.hotelquadrifoglio.net\/?page_id=2217"},"modified":"2019-11-12T16:03:22","modified_gmt":"2019-11-12T16:03:22","slug":"sala-convegni-e-50-posti","status":"publish","type":"page","link":"https:\/\/www.hotelquadrifoglio.net\/?page_id=2217","title":{"rendered":"Sala Convegni E &#8211; 50 Posti"},"content":{"rendered":"\n<p><img loading=\"lazy\" decoding=\"async\" width=\"600\" height=\"400\" class=\"wp-image-2220\" style=\"width: 600px;\" src=\"https:\/\/www.hotelquadrifoglio.net\/wp-content\/uploads\/2019\/10\/sala-convegni-e.jpg\" alt=\"Sala Convegni E\" srcset=\"https:\/\/www.hotelquadrifoglio.net\/wp-content\/uploads\/2019\/10\/sala-convegni-e.jpg 800w, https:\/\/www.hotelquadrifoglio.net\/wp-content\/uploads\/2019\/10\/sala-convegni-e-300x200.jpg 300w, https:\/\/www.hotelquadrifoglio.net\/wp-content\/uploads\/2019\/10\/sala-convegni-e-768x512.jpg 768w\" sizes=\"auto, (max-width: 600px) 100vw, 600px\" \/><br>La Sala Riunioni e Convegni &#8220;E&#8221; con i suoi 55 Mq di superficie totale \u00e8 la pi\u00f9 grande tra le nostre sale. <br>Con la disposizione a PLATEA pu\u00f2 ospitare fino a 50 posti ed \u00e8 la soluzione ottimale per Esposizioni, Convegni medio\/grandi, Meeting, Presentazioni<br>Anche questa sala \u00e8 posizionata al piano terra ed \u00e8 stata abilitata per l&#8217;accesso ai diversamente abili.<br> Queste le dotazioni e i servizi a disposizione dei partecipanti:<br> Aria Condizionata<br> Schermo per Proiezioni<br> Lavagna a fogli mobili<br> Telefono<br> Connessione Wi-Fi free<br> Videoproiettore<br> Accesso facilitato<\/p>\n","protected":false},"excerpt":{"rendered":"<p>La Sala Riunioni e Convegni &#8220;E&#8221; con i suoi 55 Mq di superficie totale \u00e8 la pi\u00f9 grande tra le nostre sale. Con la disposizione a PLATEA pu\u00f2 ospitare fino a 50 posti ed \u00e8 la soluzione ottimale per Esposizioni, Convegni medio\/grandi, Meeting, PresentazioniAnche questa sala \u00e8 posizionata al piano terra ed \u00e8 stata abilitata [&hellip;]<\/p>\n","protected":false},"author":4,"featured_media":0,"parent":0,"menu_order":0,"comment_status":"closed","ping_status":"closed","template":"","meta":{"ngg_post_thumbnail":0,"footnotes":""},"class_list":["post-2217","page","type-page","status-publish","hentry"],"_links":{"self":[{"href":"https:\/\/www.hotelquadrifoglio.net\/index.php?rest_route=\/wp\/v2\/pages\/2217","targetHints":{"allow":["GET"]}}],"collection":[{"href":"https:\/\/www.hotelquadrifoglio.net\/index.php?rest_route=\/wp\/v2\/pages"}],"about":[{"href":"https:\/\/www.hotelquadrifoglio.net\/index.php?rest_route=\/wp\/v2\/types\/page"}],"author":[{"embeddable":true,"href":"https:\/\/www.hotelquadrifoglio.net\/index.php?rest_route=\/wp\/v2\/users\/4"}],"replies":[{"embeddable":true,"href":"https:\/\/www.hotelquadrifoglio.net\/index.php?rest_route=%2Fwp%2Fv2%2Fcomments&post=2217"}],"version-history":[{"count":3,"href":"https:\/\/www.hotelquadrifoglio.net\/index.php?rest_route=\/wp\/v2\/pages\/2217\/revisions"}],"predecessor-version":[{"id":2222,"href":"https:\/\/www.hotelquadrifoglio.net\/index.php?rest_route=\/wp\/v2\/pages\/2217\/revisions\/2222"}],"wp:attachment":[{"href":"https:\/\/www.hotelquadrifoglio.net\/index.php?rest_route=%2Fwp%2Fv2%2Fmedia&parent=2217"}],"curies":[{"name":"wp","href":"https:\/\/api.w.org\/{rel}","templated":true}]}}